{"id":129,"date":"2023-09-25T20:25:57","date_gmt":"2023-09-25T20:25:57","guid":{"rendered":"https:\/\/contornosocial.cl\/home\/?page_id=129"},"modified":"2025-05-12T14:21:09","modified_gmt":"2025-05-12T14:21:09","slug":"nosotros","status":"publish","type":"page","link":"https:\/\/contornosocial.cl\/home\/index.php\/nosotros\/","title":{"rendered":"Nosotros"},"content":{"rendered":"\n<p><strong>Contorno Social<\/strong> es una organizaci\u00f3n de la sociedad civil comprometida con la transformaci\u00f3n social y el fortalecimiento de la ciudadan\u00eda desde los territorios. Nacemos desde la convicci\u00f3n profunda en el valor de lo p\u00fablico como espacio donde se construye lo com\u00fan, se generan v\u00ednculos sociales y se potencia el protagonismo comunitario.<\/p>\n\n\n\n<p>Nuestra mirada cr\u00edtica sobre la realidad social chilena reconoce que las personas se constituyen como sujetos pol\u00edticos en la interacci\u00f3n con otros, especialmente en aquellos espacios donde se vive y se ejerce lo colectivo. Por ello, trabajamos para visibilizar y fortalecer a los actores sociales hist\u00f3ricamente excluidos de los procesos de toma de decisiones.<\/p>\n\n\n\n<p>Creemos que la participaci\u00f3n ciudadana va m\u00e1s all\u00e1 de lo institucional. Se expresa en las pr\u00e1cticas cotidianas, en la memoria, en la organizaci\u00f3n territorial y en la capacidad de las comunidades para pensarse a s\u00ed mismas y actuar sobre su entorno. Es en ese proceso donde emerge una ciudadan\u00eda activa, con capacidad de transformaci\u00f3n real.<\/p>\n\n\n\n<p>Nuestra acci\u00f3n se basa en cuatro ejes fundamentales:<em> Educaci\u00f3n, Comunicaci\u00f3n, Memoria\/Historia y Gesti\u00f3n Local<\/em>. Estas herramientas no son fines en s\u00ed mismas, sino medios para rearticular las capacidades colectivas y fortalecer la autonom\u00eda de los territorios.<\/p>\n\n\n\n<p>En Contorno Social concebimos la pol\u00edtica no como dominaci\u00f3n, sino como encuentro, reconocimiento y construcci\u00f3n compartida. Trabajamos por una sociedad m\u00e1s justa, participativa y democr\u00e1tica, donde todas las voces puedan incidir en la construcci\u00f3n del presente y del futuro.<\/p>\n\n\n\n<p><\/p>\n","protected":false},"excerpt":{"rendered":"<p>Contorno Social es una organizaci\u00f3n de la sociedad civil comprometida con la transformaci\u00f3n social y el fortalecimiento de la ciudadan\u00eda desde los territorios. Nacemos desde la convicci\u00f3n profunda en el valor de lo p\u00fablico como espacio donde se construye lo com\u00fan, se generan v\u00ednculos sociales y se potencia el protagonismo comunitario. Nuestra mirada cr\u00edtica sobre &hellip; <\/p>\n<p class=\"link-more\"><a href=\"https:\/\/contornosocial.cl\/home\/index.php\/nosotros\/\" class=\"more-link\">Continue reading<span class=\"screen-reader-text\"> &#8220;Nosotros&#8221;<\/span><\/a><\/p>\n","protected":false},"author":1,"featured_media":169,"parent":0,"menu_order":0,"comment_status":"closed","ping_status":"closed","template":"","meta":{"_uag_custom_page_level_css":"","footnotes":""},"class_list":["post-129","page","type-page","status-publish","has-post-thumbnail","hentry"],"yoast_head":"<!-- This site is optimized with the Yoast SEO plugin v20.8 - https:\/\/yoast.com\/wordpress\/plugins\/seo\/ -->\n<title>Nosotros - contorno social<\/title>\n<meta name=\"robots\" content=\"index, follow, max-snippet:-1, max-image-preview:large, max-video-preview:-1\" \/>\n<link rel=\"canonical\" href=\"https:\/\/contornosocial.cl\/home\/index.php\/nosotros\/\" \/>\n<meta property=\"og:locale\" content=\"es_ES\" \/>\n<meta property=\"og:type\" content=\"article\" \/>\n<meta property=\"og:title\" content=\"Nosotros - contorno social\" \/>\n<meta property=\"og:description\" content=\"Contorno Social es una organizaci\u00f3n de la sociedad civil comprometida con la transformaci\u00f3n social y el fortalecimiento de la ciudadan\u00eda desde los territorios. Nacemos desde la convicci\u00f3n profunda en el valor de lo p\u00fablico como espacio donde se construye lo com\u00fan, se generan v\u00ednculos sociales y se potencia el protagonismo comunitario. Nuestra mirada cr\u00edtica sobre &hellip; Continue reading &quot;Nosotros&quot;\" \/>\n<meta property=\"og:url\" content=\"https:\/\/contornosocial.cl\/home\/index.php\/nosotros\/\" \/>\n<meta property=\"og:site_name\" content=\"contorno social\" \/>\n<meta property=\"article:modified_time\" content=\"2025-05-12T14:21:09+00:00\" \/>\n<meta property=\"og:image\" content=\"https:\/\/contornosocial.cl\/home\/wp-content\/uploads\/2023\/11\/000025-e1699472357243.jpeg\" \/>\n\t<meta property=\"og:image:width\" content=\"1818\" \/>\n\t<meta property=\"og:image:height\" content=\"709\" \/>\n\t<meta property=\"og:image:type\" content=\"image\/jpeg\" \/>\n<meta name=\"twitter:card\" content=\"summary_large_image\" \/>\n<meta name=\"twitter:label1\" content=\"Est. reading time\" \/>\n\t<meta name=\"twitter:data1\" content=\"2 minutos\" \/>\n<script type=\"application\/ld+json\" class=\"yoast-schema-graph\">{\"@context\":\"https:\/\/schema.org\",\"@graph\":[{\"@type\":\"WebPage\",\"@id\":\"https:\/\/contornosocial.cl\/home\/index.php\/nosotros\/\",\"url\":\"https:\/\/contornosocial.cl\/home\/index.php\/nosotros\/\",\"name\":\"Nosotros - contorno social\",\"isPartOf\":{\"@id\":\"https:\/\/contornosocial.cl\/home\/#website\"},\"datePublished\":\"2023-09-25T20:25:57+00:00\",\"dateModified\":\"2025-05-12T14:21:09+00:00\",\"breadcrumb\":{\"@id\":\"https:\/\/contornosocial.cl\/home\/index.php\/nosotros\/#breadcrumb\"},\"inLanguage\":\"es-CL\",\"potentialAction\":[{\"@type\":\"ReadAction\",\"target\":[\"https:\/\/contornosocial.cl\/home\/index.php\/nosotros\/\"]}]},{\"@type\":\"BreadcrumbList\",\"@id\":\"https:\/\/contornosocial.cl\/home\/index.php\/nosotros\/#breadcrumb\",\"itemListElement\":[{\"@type\":\"ListItem\",\"position\":1,\"name\":\"Portada\",\"item\":\"https:\/\/contornosocial.cl\/home\/\"},{\"@type\":\"ListItem\",\"position\":2,\"name\":\"Nosotros\"}]},{\"@type\":\"WebSite\",\"@id\":\"https:\/\/contornosocial.cl\/home\/#website\",\"url\":\"https:\/\/contornosocial.cl\/home\/\",\"name\":\"contorno social\",\"description\":\"\",\"publisher\":{\"@id\":\"https:\/\/contornosocial.cl\/home\/#organization\"},\"potentialAction\":[{\"@type\":\"SearchAction\",\"target\":{\"@type\":\"EntryPoint\",\"urlTemplate\":\"https:\/\/contornosocial.cl\/home\/?s={search_term_string}\"},\"query-input\":\"required name=search_term_string\"}],\"inLanguage\":\"es-CL\"},{\"@type\":\"Organization\",\"@id\":\"https:\/\/contornosocial.cl\/home\/#organization\",\"name\":\"contorno social\",\"url\":\"https:\/\/contornosocial.cl\/home\/\",\"logo\":{\"@type\":\"ImageObject\",\"inLanguage\":\"es-CL\",\"@id\":\"https:\/\/contornosocial.cl\/home\/#\/schema\/logo\/image\/\",\"url\":\"https:\/\/contornosocial.cl\/home\/wp-content\/uploads\/2023\/10\/cropped-Sin-titulo-2.jpg\",\"contentUrl\":\"https:\/\/contornosocial.cl\/home\/wp-content\/uploads\/2023\/10\/cropped-Sin-titulo-2.jpg\",\"width\":507,\"height\":250,\"caption\":\"contorno social\"},\"image\":{\"@id\":\"https:\/\/contornosocial.cl\/home\/#\/schema\/logo\/image\/\"}}]}<\/script>\n<!-- \/ Yoast SEO plugin. -->","yoast_head_json":{"title":"Nosotros - contorno social","robots":{"index":"index","follow":"follow","max-snippet":"max-snippet:-1","max-image-preview":"max-image-preview:large","max-video-preview":"max-video-preview:-1"},"canonical":"https:\/\/contornosocial.cl\/home\/index.php\/nosotros\/","og_locale":"es_ES","og_type":"article","og_title":"Nosotros - contorno social","og_description":"Contorno Social es una organizaci\u00f3n de la sociedad civil comprometida con la transformaci\u00f3n social y el fortalecimiento de la ciudadan\u00eda desde los territorios. Nacemos desde la convicci\u00f3n profunda en el valor de lo p\u00fablico como espacio donde se construye lo com\u00fan, se generan v\u00ednculos sociales y se potencia el protagonismo comunitario. Nuestra mirada cr\u00edtica sobre &hellip; Continue reading \"Nosotros\"","og_url":"https:\/\/contornosocial.cl\/home\/index.php\/nosotros\/","og_site_name":"contorno social","article_modified_time":"2025-05-12T14:21:09+00:00","og_image":[{"width":1818,"height":709,"url":"https:\/\/contornosocial.cl\/home\/wp-content\/uploads\/2023\/11\/000025-e1699472357243.jpeg","type":"image\/jpeg"}],"twitter_card":"summary_large_image","twitter_misc":{"Est. reading time":"2 minutos"},"schema":{"@context":"https:\/\/schema.org","@graph":[{"@type":"WebPage","@id":"https:\/\/contornosocial.cl\/home\/index.php\/nosotros\/","url":"https:\/\/contornosocial.cl\/home\/index.php\/nosotros\/","name":"Nosotros - contorno social","isPartOf":{"@id":"https:\/\/contornosocial.cl\/home\/#website"},"datePublished":"2023-09-25T20:25:57+00:00","dateModified":"2025-05-12T14:21:09+00:00","breadcrumb":{"@id":"https:\/\/contornosocial.cl\/home\/index.php\/nosotros\/#breadcrumb"},"inLanguage":"es-CL","potentialAction":[{"@type":"ReadAction","target":["https:\/\/contornosocial.cl\/home\/index.php\/nosotros\/"]}]},{"@type":"BreadcrumbList","@id":"https:\/\/contornosocial.cl\/home\/index.php\/nosotros\/#breadcrumb","itemListElement":[{"@type":"ListItem","position":1,"name":"Portada","item":"https:\/\/contornosocial.cl\/home\/"},{"@type":"ListItem","position":2,"name":"Nosotros"}]},{"@type":"WebSite","@id":"https:\/\/contornosocial.cl\/home\/#website","url":"https:\/\/contornosocial.cl\/home\/","name":"contorno social","description":"","publisher":{"@id":"https:\/\/contornosocial.cl\/home\/#organization"},"potentialAction":[{"@type":"SearchAction","target":{"@type":"EntryPoint","urlTemplate":"https:\/\/contornosocial.cl\/home\/?s={search_term_string}"},"query-input":"required name=search_term_string"}],"inLanguage":"es-CL"},{"@type":"Organization","@id":"https:\/\/contornosocial.cl\/home\/#organization","name":"contorno social","url":"https:\/\/contornosocial.cl\/home\/","logo":{"@type":"ImageObject","inLanguage":"es-CL","@id":"https:\/\/contornosocial.cl\/home\/#\/schema\/logo\/image\/","url":"https:\/\/contornosocial.cl\/home\/wp-content\/uploads\/2023\/10\/cropped-Sin-titulo-2.jpg","contentUrl":"https:\/\/contornosocial.cl\/home\/wp-content\/uploads\/2023\/10\/cropped-Sin-titulo-2.jpg","width":507,"height":250,"caption":"contorno social"},"image":{"@id":"https:\/\/contornosocial.cl\/home\/#\/schema\/logo\/image\/"}}]}},"uagb_featured_image_src":{"full":["https:\/\/contornosocial.cl\/home\/wp-content\/uploads\/2023\/11\/000025-e1699472357243.jpeg",1818,709,false],"thumbnail":["https:\/\/contornosocial.cl\/home\/wp-content\/uploads\/2023\/11\/000025-e1699472357243-150x150.jpeg",150,150,true],"medium":["https:\/\/contornosocial.cl\/home\/wp-content\/uploads\/2023\/11\/000025-e1699472357243-300x117.jpeg",300,117,true],"medium_large":["https:\/\/contornosocial.cl\/home\/wp-content\/uploads\/2023\/11\/000025-e1699472357243-768x300.jpeg",525,205,true],"large":["https:\/\/contornosocial.cl\/home\/wp-content\/uploads\/2023\/11\/000025-e1699472357243-1024x399.jpeg",525,205,true],"1536x1536":["https:\/\/contornosocial.cl\/home\/wp-content\/uploads\/2023\/11\/000025-e1699472357243-1536x599.jpeg",1536,599,true],"2048x2048":["https:\/\/contornosocial.cl\/home\/wp-content\/uploads\/2023\/11\/000025-e1699472357243.jpeg",1818,709,false],"twentyseventeen-featured-image":["https:\/\/contornosocial.cl\/home\/wp-content\/uploads\/2023\/11\/000025-1818x1200.jpeg",1818,1200,true],"twentyseventeen-thumbnail-avatar":["https:\/\/contornosocial.cl\/home\/wp-content\/uploads\/2023\/11\/000025-e1699472357243-100x100.jpeg",100,100,true]},"uagb_author_info":{"display_name":"admin","author_link":"https:\/\/contornosocial.cl\/home\/index.php\/author\/admin_3f617o61\/"},"uagb_comment_info":0,"uagb_excerpt":"Contorno Social es una organizaci\u00f3n de la sociedad civil comprometida con la transformaci\u00f3n social y el fortalecimiento de la ciudadan\u00eda desde los territorios. Nacemos desde la convicci\u00f3n profunda en el valor de lo p\u00fablico como espacio donde se construye lo com\u00fan, se generan v\u00ednculos sociales y se potencia el protagonismo comunitario. Nuestra mirada cr\u00edtica sobre&hellip;","_links":{"self":[{"href":"https:\/\/contornosocial.cl\/home\/index.php\/wp-json\/wp\/v2\/pages\/129","targetHints":{"allow":["GET"]}}],"collection":[{"href":"https:\/\/contornosocial.cl\/home\/index.php\/wp-json\/wp\/v2\/pages"}],"about":[{"href":"https:\/\/contornosocial.cl\/home\/index.php\/wp-json\/wp\/v2\/types\/page"}],"author":[{"embeddable":true,"href":"https:\/\/contornosocial.cl\/home\/index.php\/wp-json\/wp\/v2\/users\/1"}],"replies":[{"embeddable":true,"href":"https:\/\/contornosocial.cl\/home\/index.php\/wp-json\/wp\/v2\/comments?post=129"}],"version-history":[{"count":8,"href":"https:\/\/contornosocial.cl\/home\/index.php\/wp-json\/wp\/v2\/pages\/129\/revisions"}],"predecessor-version":[{"id":237,"href":"https:\/\/contornosocial.cl\/home\/index.php\/wp-json\/wp\/v2\/pages\/129\/revisions\/237"}],"wp:featuredmedia":[{"embeddable":true,"href":"https:\/\/contornosocial.cl\/home\/index.php\/wp-json\/wp\/v2\/media\/169"}],"wp:attachment":[{"href":"https:\/\/contornosocial.cl\/home\/index.php\/wp-json\/wp\/v2\/media?parent=129"}],"curies":[{"name":"wp","href":"https:\/\/api.w.org\/{rel}","templated":true}]}}