{"id":137,"date":"2023-09-25T20:33:24","date_gmt":"2023-09-25T20:33:24","guid":{"rendered":"https:\/\/contornosocial.cl\/home\/?page_id=137"},"modified":"2026-05-10T02:54:27","modified_gmt":"2026-05-10T02:54:27","slug":"videoteca","status":"publish","type":"page","link":"https:\/\/contornosocial.cl\/home\/index.php\/videoteca\/","title":{"rendered":"videoteca"},"content":{"rendered":"\n<figure class=\"wp-block-embed is-type-video is-provider-youtube wp-block-embed-youtube wp-embed-aspect-16-9 wp-has-aspect-ratio\"><div class=\"wp-block-embed__wrapper\">\n<iframe loading=\"lazy\" title=\"FRAGMENTOS DEL ESTALLIDO. EPISODIO 1 - LA ODISEA - SUBTITULADO\" width=\"525\" height=\"295\" src=\"https:\/\/www.youtube.com\/embed\/Xa9lniP-Msw?feature=oembed\" frameborder=\"0\" allow=\"accelerometer; autoplay; clipboard-write; encrypted-media; gyroscope; picture-in-picture; web-share\" referrerpolicy=\"strict-origin-when-cross-origin\" allowfullscreen><\/iframe>\n<\/div><figcaption class=\"wp-element-caption\">El Dr. Eliecer Maluenda, psiquiatra de la naci\u00f3n ind\u00edgena diaguita, fue voluntario en una brigada sanitaria durante el estallido social chileno de octubre de 2019. Utiliz\u00f3 su coche como ambulancia para trasladar a manifestantes heridos a hospitales y centros de salud. En enero de 2020, la polic\u00eda chilena incaut\u00f3 su coche sin orden judicial. El primer episodio de la primera temporada de esta docu-serie etnogr\u00e1fica &#8220;Fragmentos del estallido&#8221; sigue los pasos del doctor Maluenda en el rescate de su coche ambulancia. \u00bfLo conseguir\u00e1?<\/figcaption><\/figure>\n\n\n\n<figure class=\"wp-block-embed is-type-video is-provider-youtube wp-block-embed-youtube wp-embed-aspect-16-9 wp-has-aspect-ratio\"><div class=\"wp-block-embed__wrapper\">\n<iframe loading=\"lazy\" title=\"Fragmentos del Estallido Cap. 2 &quot;Brigada Resistencia Tens&quot;\" width=\"525\" height=\"295\" src=\"https:\/\/www.youtube.com\/embed\/K2rMkPZovsg?start=1247&#038;feature=oembed\" frameborder=\"0\" allow=\"accelerometer; autoplay; clipboard-write; encrypted-media; gyroscope; picture-in-picture; web-share\" referrerpolicy=\"strict-origin-when-cross-origin\" allowfullscreen><\/iframe>\n<\/div><figcaption class=\"wp-element-caption\">Segundo cap\u00edtulo de la docu-serie etnogr\u00e1fica que retrata de forma \u00edntima a protagonistas del Estallido Social que comienza en octubre de 2019 en Chile. La &#8220;Brigada Resistencia Tens&#8221; es tambi\u00e9n una &#8220;Brigada Social&#8221; como se autodenominan, no solo prestan atenci\u00f3n m\u00e9dica en las manifestaciones de la revuelta social del Chile de octubre del 2019, tambi\u00e9n realizan actividades de alimentaci\u00f3n con los m\u00e1s vulnerables de la poblaci\u00f3n, como lo son las persona de calle. Adem\u00e1s est\u00e1n preocupados por mantener la memoria popular viva para que las injusticias sociales que queden en el olvido.<\/figcaption><\/figure>\n\n\n\n<figure class=\"wp-block-embed is-type-video is-provider-youtube wp-block-embed-youtube wp-embed-aspect-16-9 wp-has-aspect-ratio\"><div class=\"wp-block-embed__wrapper\">\n<iframe loading=\"lazy\" title=\"Rescatando Nuestra Historia\" width=\"525\" height=\"295\" src=\"https:\/\/www.youtube.com\/embed\/RWmpVW-Exrw?start=2&#038;feature=oembed\" frameborder=\"0\" allow=\"accelerometer; autoplay; clipboard-write; encrypted-media; gyroscope; picture-in-picture; web-share\" referrerpolicy=\"strict-origin-when-cross-origin\" allowfullscreen><\/iframe>\n<\/div><figcaption class=\"wp-element-caption\">Pobladores del cuarto sector de la poblaci\u00f3n Lo Hermida en Pe\u00f1alol\u00e9n recuerdan y relatan c\u00f3mo fueron los inicios del lugar donde actualmente residen. Villas como Vietnam heroico, H\u00e9roe Manuel Rodr\u00edguez fueron los nombre con que bautizaron el lugar donde instalaron sus carpas y medias agua, respondiendo al clima pol\u00edtico de la \u00e9poca, 1970. Es por medio de sus historias personales es que construyen la memoria colectiva de su poblaci\u00f3n.<\/figcaption><\/figure>\n\n\n\n<figure class=\"wp-block-embed is-type-video is-provider-youtube wp-block-embed-youtube wp-embed-aspect-16-9 wp-has-aspect-ratio\"><div class=\"wp-block-embed__wrapper\">\n<iframe loading=\"lazy\" title=\"Fragmentos del Estallido Cap. 2 &quot;La Memoria de los Artefactos&quot;\" width=\"525\" height=\"295\" src=\"https:\/\/www.youtube.com\/embed\/46d_1lYwp6M?feature=oembed\" frameborder=\"0\" allow=\"accelerometer; autoplay; clipboard-write; encrypted-media; gyroscope; picture-in-picture; web-share\" referrerpolicy=\"strict-origin-when-cross-origin\" allowfullscreen><\/iframe>\n<\/div><figcaption class=\"wp-element-caption\">Rodrigo Cabezas, funcionario de la direcci\u00f3n del trabajo y profesor de historia, protagoniza el tercer episodio de esta docu-serie etnogr\u00e1fica. Con una pasi\u00f3n por las historias detr\u00e1s de los objetos, decidi\u00f3 documentar el estallido social con fotograf\u00edas, v\u00eddeos, y a trav\u00e9s de la recolecci\u00f3n y catalogaci\u00f3n de artefactos de la protesta. Su objetivo principal: resignificar los artefactos para contribuir a la construcci\u00f3n de una memoria colectiva y generar evidencias de violaciones de los derechos humanos durante las protestas. En este cap\u00edtulo de &#8216;Fragmentos del Estallido&#8217;, Rodrigo Cabezas reconstruye su propia biograf\u00eda mientras explora las historias detr\u00e1s de los objetos del estallido social.<\/figcaption><\/figure>\n\n\n\n<figure class=\"wp-block-embed is-type-video is-provider-youtube wp-block-embed-youtube wp-embed-aspect-16-9 wp-has-aspect-ratio\"><div class=\"wp-block-embed__wrapper\">\n<iframe loading=\"lazy\" title=\"Memoria Pobladora... La Toma de Pe\u00f1alol\u00e9n.\" width=\"525\" height=\"295\" src=\"https:\/\/www.youtube.com\/embed\/d9wQhPZaKVY?feature=oembed\" frameborder=\"0\" allow=\"accelerometer; autoplay; clipboard-write; encrypted-media; gyroscope; picture-in-picture; web-share\" referrerpolicy=\"strict-origin-when-cross-origin\" allowfullscreen><\/iframe>\n<\/div><\/figure>\n\n\n\n<p>A trav\u00e9s de los relatos de sus propios habitantes, este documental etnogr\u00e1fico reconstruye la memoria hist\u00f3rica de la Toma de Pe\u00f1alol\u00e9n, uno de los campamentos m\u00e1s emblem\u00e1ticos de Chile. Mediante un proceso de auto reconstrucci\u00f3n de memoria impulsado por la ONG Contorno Social, pobladoras y pobladores reviven experiencias de organizaci\u00f3n, solidaridad y lucha por la vivienda digna que marcaron la vida de miles de familias desde 1999. El documental rescata voces, recuerdos y vivencias que dan cuenta de c\u00f3mo una comunidad transform\u00f3 un terreno tomado en un espacio de identidad, resistencia y construcci\u00f3n colectiva, dejando una huella profunda en la historia social y urbana de Pe\u00f1alol\u00e9n.<\/p>\n","protected":false},"excerpt":{"rendered":"<p>A trav\u00e9s de los relatos de sus propios habitantes, este documental etnogr\u00e1fico reconstruye la memoria hist\u00f3rica de la Toma de Pe\u00f1alol\u00e9n, uno de los campamentos m\u00e1s emblem\u00e1ticos de Chile. Mediante un proceso de auto reconstrucci\u00f3n de memoria impulsado por la ONG Contorno Social, pobladoras y pobladores reviven experiencias de organizaci\u00f3n, solidaridad y lucha por la &hellip; <\/p>\n<p class=\"link-more\"><a href=\"https:\/\/contornosocial.cl\/home\/index.php\/videoteca\/\" class=\"more-link\">Continue reading<span class=\"screen-reader-text\"> &#8220;videoteca&#8221;<\/span><\/a><\/p>\n","protected":false},"author":1,"featured_media":0,"parent":0,"menu_order":0,"comment_status":"closed","ping_status":"closed","template":"","meta":{"_uag_custom_page_level_css":"","footnotes":""},"class_list":["post-137","page","type-page","status-publish","hentry"],"yoast_head":"<!-- This site is optimized with the Yoast SEO plugin v20.8 - https:\/\/yoast.com\/wordpress\/plugins\/seo\/ -->\n<title>videoteca - contorno social<\/title>\n<meta name=\"robots\" content=\"index, follow, max-snippet:-1, max-image-preview:large, max-video-preview:-1\" \/>\n<link rel=\"canonical\" href=\"https:\/\/contornosocial.cl\/home\/index.php\/videoteca\/\" \/>\n<meta property=\"og:locale\" content=\"es_ES\" \/>\n<meta property=\"og:type\" content=\"article\" \/>\n<meta property=\"og:title\" content=\"videoteca - contorno social\" \/>\n<meta property=\"og:description\" content=\"A trav\u00e9s de los relatos de sus propios habitantes, este documental etnogr\u00e1fico reconstruye la memoria hist\u00f3rica de la Toma de Pe\u00f1alol\u00e9n, uno de los campamentos m\u00e1s emblem\u00e1ticos de Chile. Mediante un proceso de auto reconstrucci\u00f3n de memoria impulsado por la ONG Contorno Social, pobladoras y pobladores reviven experiencias de organizaci\u00f3n, solidaridad y lucha por la &hellip; Continue reading &quot;videoteca&quot;\" \/>\n<meta property=\"og:url\" content=\"https:\/\/contornosocial.cl\/home\/index.php\/videoteca\/\" \/>\n<meta property=\"og:site_name\" content=\"contorno social\" \/>\n<meta property=\"article:modified_time\" content=\"2026-05-10T02:54:27+00:00\" \/>\n<meta name=\"twitter:card\" content=\"summary_large_image\" \/>\n<meta name=\"twitter:label1\" content=\"Est. reading time\" \/>\n\t<meta name=\"twitter:data1\" content=\"3 minutos\" \/>\n<script type=\"application\/ld+json\" class=\"yoast-schema-graph\">{\"@context\":\"https:\/\/schema.org\",\"@graph\":[{\"@type\":\"WebPage\",\"@id\":\"https:\/\/contornosocial.cl\/home\/index.php\/videoteca\/\",\"url\":\"https:\/\/contornosocial.cl\/home\/index.php\/videoteca\/\",\"name\":\"videoteca - contorno social\",\"isPartOf\":{\"@id\":\"https:\/\/contornosocial.cl\/home\/#website\"},\"datePublished\":\"2023-09-25T20:33:24+00:00\",\"dateModified\":\"2026-05-10T02:54:27+00:00\",\"breadcrumb\":{\"@id\":\"https:\/\/contornosocial.cl\/home\/index.php\/videoteca\/#breadcrumb\"},\"inLanguage\":\"es-CL\",\"potentialAction\":[{\"@type\":\"ReadAction\",\"target\":[\"https:\/\/contornosocial.cl\/home\/index.php\/videoteca\/\"]}]},{\"@type\":\"BreadcrumbList\",\"@id\":\"https:\/\/contornosocial.cl\/home\/index.php\/videoteca\/#breadcrumb\",\"itemListElement\":[{\"@type\":\"ListItem\",\"position\":1,\"name\":\"Portada\",\"item\":\"https:\/\/contornosocial.cl\/home\/\"},{\"@type\":\"ListItem\",\"position\":2,\"name\":\"videoteca\"}]},{\"@type\":\"WebSite\",\"@id\":\"https:\/\/contornosocial.cl\/home\/#website\",\"url\":\"https:\/\/contornosocial.cl\/home\/\",\"name\":\"contorno social\",\"description\":\"\",\"publisher\":{\"@id\":\"https:\/\/contornosocial.cl\/home\/#organization\"},\"potentialAction\":[{\"@type\":\"SearchAction\",\"target\":{\"@type\":\"EntryPoint\",\"urlTemplate\":\"https:\/\/contornosocial.cl\/home\/?s={search_term_string}\"},\"query-input\":\"required name=search_term_string\"}],\"inLanguage\":\"es-CL\"},{\"@type\":\"Organization\",\"@id\":\"https:\/\/contornosocial.cl\/home\/#organization\",\"name\":\"contorno social\",\"url\":\"https:\/\/contornosocial.cl\/home\/\",\"logo\":{\"@type\":\"ImageObject\",\"inLanguage\":\"es-CL\",\"@id\":\"https:\/\/contornosocial.cl\/home\/#\/schema\/logo\/image\/\",\"url\":\"https:\/\/contornosocial.cl\/home\/wp-content\/uploads\/2023\/10\/cropped-Sin-titulo-2.jpg\",\"contentUrl\":\"https:\/\/contornosocial.cl\/home\/wp-content\/uploads\/2023\/10\/cropped-Sin-titulo-2.jpg\",\"width\":507,\"height\":250,\"caption\":\"contorno social\"},\"image\":{\"@id\":\"https:\/\/contornosocial.cl\/home\/#\/schema\/logo\/image\/\"}}]}<\/script>\n<!-- \/ Yoast SEO plugin. -->","yoast_head_json":{"title":"videoteca - contorno social","robots":{"index":"index","follow":"follow","max-snippet":"max-snippet:-1","max-image-preview":"max-image-preview:large","max-video-preview":"max-video-preview:-1"},"canonical":"https:\/\/contornosocial.cl\/home\/index.php\/videoteca\/","og_locale":"es_ES","og_type":"article","og_title":"videoteca - contorno social","og_description":"A trav\u00e9s de los relatos de sus propios habitantes, este documental etnogr\u00e1fico reconstruye la memoria hist\u00f3rica de la Toma de Pe\u00f1alol\u00e9n, uno de los campamentos m\u00e1s emblem\u00e1ticos de Chile. Mediante un proceso de auto reconstrucci\u00f3n de memoria impulsado por la ONG Contorno Social, pobladoras y pobladores reviven experiencias de organizaci\u00f3n, solidaridad y lucha por la &hellip; Continue reading \"videoteca\"","og_url":"https:\/\/contornosocial.cl\/home\/index.php\/videoteca\/","og_site_name":"contorno social","article_modified_time":"2026-05-10T02:54:27+00:00","twitter_card":"summary_large_image","twitter_misc":{"Est. reading time":"3 minutos"},"schema":{"@context":"https:\/\/schema.org","@graph":[{"@type":"WebPage","@id":"https:\/\/contornosocial.cl\/home\/index.php\/videoteca\/","url":"https:\/\/contornosocial.cl\/home\/index.php\/videoteca\/","name":"videoteca - contorno social","isPartOf":{"@id":"https:\/\/contornosocial.cl\/home\/#website"},"datePublished":"2023-09-25T20:33:24+00:00","dateModified":"2026-05-10T02:54:27+00:00","breadcrumb":{"@id":"https:\/\/contornosocial.cl\/home\/index.php\/videoteca\/#breadcrumb"},"inLanguage":"es-CL","potentialAction":[{"@type":"ReadAction","target":["https:\/\/contornosocial.cl\/home\/index.php\/videoteca\/"]}]},{"@type":"BreadcrumbList","@id":"https:\/\/contornosocial.cl\/home\/index.php\/videoteca\/#breadcrumb","itemListElement":[{"@type":"ListItem","position":1,"name":"Portada","item":"https:\/\/contornosocial.cl\/home\/"},{"@type":"ListItem","position":2,"name":"videoteca"}]},{"@type":"WebSite","@id":"https:\/\/contornosocial.cl\/home\/#website","url":"https:\/\/contornosocial.cl\/home\/","name":"contorno social","description":"","publisher":{"@id":"https:\/\/contornosocial.cl\/home\/#organization"},"potentialAction":[{"@type":"SearchAction","target":{"@type":"EntryPoint","urlTemplate":"https:\/\/contornosocial.cl\/home\/?s={search_term_string}"},"query-input":"required name=search_term_string"}],"inLanguage":"es-CL"},{"@type":"Organization","@id":"https:\/\/contornosocial.cl\/home\/#organization","name":"contorno social","url":"https:\/\/contornosocial.cl\/home\/","logo":{"@type":"ImageObject","inLanguage":"es-CL","@id":"https:\/\/contornosocial.cl\/home\/#\/schema\/logo\/image\/","url":"https:\/\/contornosocial.cl\/home\/wp-content\/uploads\/2023\/10\/cropped-Sin-titulo-2.jpg","contentUrl":"https:\/\/contornosocial.cl\/home\/wp-content\/uploads\/2023\/10\/cropped-Sin-titulo-2.jpg","width":507,"height":250,"caption":"contorno social"},"image":{"@id":"https:\/\/contornosocial.cl\/home\/#\/schema\/logo\/image\/"}}]}},"uagb_featured_image_src":{"full":false,"thumbnail":false,"medium":false,"medium_large":false,"large":false,"1536x1536":false,"2048x2048":false,"twentyseventeen-featured-image":false,"twentyseventeen-thumbnail-avatar":false},"uagb_author_info":{"display_name":"admin","author_link":"https:\/\/contornosocial.cl\/home\/index.php\/author\/admin_3f617o61\/"},"uagb_comment_info":0,"uagb_excerpt":"A trav\u00e9s de los relatos de sus propios habitantes, este documental etnogr\u00e1fico reconstruye la memoria hist\u00f3rica de la Toma de Pe\u00f1alol\u00e9n, uno de los campamentos m\u00e1s emblem\u00e1ticos de Chile. Mediante un proceso de auto reconstrucci\u00f3n de memoria impulsado por la ONG Contorno Social, pobladoras y pobladores reviven experiencias de organizaci\u00f3n, solidaridad y lucha por la&hellip;","_links":{"self":[{"href":"https:\/\/contornosocial.cl\/home\/index.php\/wp-json\/wp\/v2\/pages\/137","targetHints":{"allow":["GET"]}}],"collection":[{"href":"https:\/\/contornosocial.cl\/home\/index.php\/wp-json\/wp\/v2\/pages"}],"about":[{"href":"https:\/\/contornosocial.cl\/home\/index.php\/wp-json\/wp\/v2\/types\/page"}],"author":[{"embeddable":true,"href":"https:\/\/contornosocial.cl\/home\/index.php\/wp-json\/wp\/v2\/users\/1"}],"replies":[{"embeddable":true,"href":"https:\/\/contornosocial.cl\/home\/index.php\/wp-json\/wp\/v2\/comments?post=137"}],"version-history":[{"count":18,"href":"https:\/\/contornosocial.cl\/home\/index.php\/wp-json\/wp\/v2\/pages\/137\/revisions"}],"predecessor-version":[{"id":265,"href":"https:\/\/contornosocial.cl\/home\/index.php\/wp-json\/wp\/v2\/pages\/137\/revisions\/265"}],"wp:attachment":[{"href":"https:\/\/contornosocial.cl\/home\/index.php\/wp-json\/wp\/v2\/media?parent=137"}],"curies":[{"name":"wp","href":"https:\/\/api.w.org\/{rel}","templated":true}]}}