{"id":47,"date":"2023-05-31T22:45:31","date_gmt":"2023-05-31T22:45:31","guid":{"rendered":"https:\/\/contornosocial.cl\/home\/?page_id=47"},"modified":"2025-05-15T05:11:59","modified_gmt":"2025-05-15T05:11:59","slug":"inicio","status":"publish","type":"page","link":"https:\/\/contornosocial.cl\/home\/","title":{"rendered":"Contorno Social"},"content":{"rendered":"\n<p>Somos una organizaci\u00f3n comprometida con el desarrollo social y comunitario, creemos firmemente en el valor de la participaci\u00f3n ciudadana y en el impacto en la construcci\u00f3n de una sociedad justa. Partimos de la convicci\u00f3n de que los seres humanos somos, ante todo, sujetos sociales, y que es en la participaci\u00f3n activa en los asuntos p\u00fablicos es donde se habilita el reconocimiento mutuo, la generaci\u00f3n de v\u00ednculos significativos y el fortalecimiento del tejido social. Desde esta perspectiva, nuestra labor como organizaci\u00f3n se fundamenta en impulsar procesos que promuevan la visibilidad, el reconocimiento y la participaci\u00f3n de actores sociales hist\u00f3ricamente excluidos en los espacios de toma de desiciones y representaci\u00f3n.<\/p>\n\n\n\n<p>Entendemos que una democracia s\u00f3lida y saludable se construye a partir del protagonismo de las comunidades en sus propios territorios. Por ello, trabajamos por fortalecer mecanismos de participaci\u00f3n que superen las brechas de acceso, promuevan la equidad y reconozcan la diversidad de experiencias y saberes presentes en el \u00e1mbito local. Visualizar y proyectar esas voces ha sido y seguir\u00e1 siendo una de nuestras principales motivaciones, en el convencimiento de que solo una sociedad inclusiva y participativa puede dar paso a nuevas formas de convivencia democr\u00e1tica, basadas en el respeto, la justicia social y la corresponsabilidad.<\/p>\n\n\n\n<p><\/p>\n","protected":false},"excerpt":{"rendered":"<p>Somos una organizaci\u00f3n comprometida con el desarrollo social y comunitario, creemos firmemente en el valor de la participaci\u00f3n ciudadana y en el impacto en la construcci\u00f3n de una sociedad justa. Partimos de la convicci\u00f3n de que los seres humanos somos, ante todo, sujetos sociales, y que es en la participaci\u00f3n activa en los asuntos p\u00fablicos &hellip; <\/p>\n<p class=\"link-more\"><a href=\"https:\/\/contornosocial.cl\/home\/\" class=\"more-link\">Continue reading<span class=\"screen-reader-text\"> &#8220;Contorno Social&#8221;<\/span><\/a><\/p>\n","protected":false},"author":1,"featured_media":169,"parent":0,"menu_order":0,"comment_status":"closed","ping_status":"closed","template":"","meta":{"_uag_custom_page_level_css":"","footnotes":""},"class_list":["post-47","page","type-page","status-publish","has-post-thumbnail","hentry"],"yoast_head":"<!-- This site is optimized with the Yoast SEO plugin v20.8 - https:\/\/yoast.com\/wordpress\/plugins\/seo\/ -->\n<title>Contorno Social - contorno social<\/title>\n<meta name=\"robots\" content=\"index, follow, max-snippet:-1, max-image-preview:large, max-video-preview:-1\" \/>\n<link rel=\"canonical\" href=\"https:\/\/contornosocial.cl\/home\/\" \/>\n<meta property=\"og:locale\" content=\"es_ES\" \/>\n<meta property=\"og:type\" content=\"article\" \/>\n<meta property=\"og:title\" content=\"Contorno Social - contorno social\" \/>\n<meta property=\"og:description\" content=\"Somos una organizaci\u00f3n comprometida con el desarrollo social y comunitario, creemos firmemente en el valor de la participaci\u00f3n ciudadana y en el impacto en la construcci\u00f3n de una sociedad justa. Partimos de la convicci\u00f3n de que los seres humanos somos, ante todo, sujetos sociales, y que es en la participaci\u00f3n activa en los asuntos p\u00fablicos &hellip; Continue reading &quot;Contorno Social&quot;\" \/>\n<meta property=\"og:url\" content=\"https:\/\/contornosocial.cl\/home\/\" \/>\n<meta property=\"og:site_name\" content=\"contorno social\" \/>\n<meta property=\"article:modified_time\" content=\"2025-05-15T05:11:59+00:00\" \/>\n<meta property=\"og:image\" content=\"https:\/\/contornosocial.cl\/home\/wp-content\/uploads\/2023\/11\/000025-e1699472357243.jpeg\" \/>\n\t<meta property=\"og:image:width\" content=\"1818\" \/>\n\t<meta property=\"og:image:height\" content=\"709\" \/>\n\t<meta property=\"og:image:type\" content=\"image\/jpeg\" \/>\n<meta name=\"twitter:card\" content=\"summary_large_image\" \/>\n<meta name=\"twitter:label1\" content=\"Est. reading time\" \/>\n\t<meta name=\"twitter:data1\" content=\"1 minuto\" \/>\n<script type=\"application\/ld+json\" class=\"yoast-schema-graph\">{\"@context\":\"https:\/\/schema.org\",\"@graph\":[{\"@type\":\"WebPage\",\"@id\":\"https:\/\/contornosocial.cl\/home\/\",\"url\":\"https:\/\/contornosocial.cl\/home\/\",\"name\":\"Contorno Social - contorno social\",\"isPartOf\":{\"@id\":\"https:\/\/contornosocial.cl\/home\/#website\"},\"datePublished\":\"2023-05-31T22:45:31+00:00\",\"dateModified\":\"2025-05-15T05:11:59+00:00\",\"breadcrumb\":{\"@id\":\"https:\/\/contornosocial.cl\/home\/#breadcrumb\"},\"inLanguage\":\"es-CL\",\"potentialAction\":[{\"@type\":\"ReadAction\",\"target\":[\"https:\/\/contornosocial.cl\/home\/\"]}]},{\"@type\":\"BreadcrumbList\",\"@id\":\"https:\/\/contornosocial.cl\/home\/#breadcrumb\",\"itemListElement\":[{\"@type\":\"ListItem\",\"position\":1,\"name\":\"Portada\",\"item\":\"https:\/\/contornosocial.cl\/home\/\"},{\"@type\":\"ListItem\",\"position\":2,\"name\":\"Contorno Social\"}]},{\"@type\":\"WebSite\",\"@id\":\"https:\/\/contornosocial.cl\/home\/#website\",\"url\":\"https:\/\/contornosocial.cl\/home\/\",\"name\":\"contorno social\",\"description\":\"\",\"publisher\":{\"@id\":\"https:\/\/contornosocial.cl\/home\/#organization\"},\"potentialAction\":[{\"@type\":\"SearchAction\",\"target\":{\"@type\":\"EntryPoint\",\"urlTemplate\":\"https:\/\/contornosocial.cl\/home\/?s={search_term_string}\"},\"query-input\":\"required name=search_term_string\"}],\"inLanguage\":\"es-CL\"},{\"@type\":\"Organization\",\"@id\":\"https:\/\/contornosocial.cl\/home\/#organization\",\"name\":\"contorno social\",\"url\":\"https:\/\/contornosocial.cl\/home\/\",\"logo\":{\"@type\":\"ImageObject\",\"inLanguage\":\"es-CL\",\"@id\":\"https:\/\/contornosocial.cl\/home\/#\/schema\/logo\/image\/\",\"url\":\"https:\/\/contornosocial.cl\/home\/wp-content\/uploads\/2023\/10\/cropped-Sin-titulo-2.jpg\",\"contentUrl\":\"https:\/\/contornosocial.cl\/home\/wp-content\/uploads\/2023\/10\/cropped-Sin-titulo-2.jpg\",\"width\":507,\"height\":250,\"caption\":\"contorno social\"},\"image\":{\"@id\":\"https:\/\/contornosocial.cl\/home\/#\/schema\/logo\/image\/\"}}]}<\/script>\n<!-- \/ Yoast SEO plugin. -->","yoast_head_json":{"title":"Contorno Social - contorno social","robots":{"index":"index","follow":"follow","max-snippet":"max-snippet:-1","max-image-preview":"max-image-preview:large","max-video-preview":"max-video-preview:-1"},"canonical":"https:\/\/contornosocial.cl\/home\/","og_locale":"es_ES","og_type":"article","og_title":"Contorno Social - contorno social","og_description":"Somos una organizaci\u00f3n comprometida con el desarrollo social y comunitario, creemos firmemente en el valor de la participaci\u00f3n ciudadana y en el impacto en la construcci\u00f3n de una sociedad justa. Partimos de la convicci\u00f3n de que los seres humanos somos, ante todo, sujetos sociales, y que es en la participaci\u00f3n activa en los asuntos p\u00fablicos &hellip; Continue reading \"Contorno Social\"","og_url":"https:\/\/contornosocial.cl\/home\/","og_site_name":"contorno social","article_modified_time":"2025-05-15T05:11:59+00:00","og_image":[{"width":1818,"height":709,"url":"https:\/\/contornosocial.cl\/home\/wp-content\/uploads\/2023\/11\/000025-e1699472357243.jpeg","type":"image\/jpeg"}],"twitter_card":"summary_large_image","twitter_misc":{"Est. reading time":"1 minuto"},"schema":{"@context":"https:\/\/schema.org","@graph":[{"@type":"WebPage","@id":"https:\/\/contornosocial.cl\/home\/","url":"https:\/\/contornosocial.cl\/home\/","name":"Contorno Social - contorno social","isPartOf":{"@id":"https:\/\/contornosocial.cl\/home\/#website"},"datePublished":"2023-05-31T22:45:31+00:00","dateModified":"2025-05-15T05:11:59+00:00","breadcrumb":{"@id":"https:\/\/contornosocial.cl\/home\/#breadcrumb"},"inLanguage":"es-CL","potentialAction":[{"@type":"ReadAction","target":["https:\/\/contornosocial.cl\/home\/"]}]},{"@type":"BreadcrumbList","@id":"https:\/\/contornosocial.cl\/home\/#breadcrumb","itemListElement":[{"@type":"ListItem","position":1,"name":"Portada","item":"https:\/\/contornosocial.cl\/home\/"},{"@type":"ListItem","position":2,"name":"Contorno Social"}]},{"@type":"WebSite","@id":"https:\/\/contornosocial.cl\/home\/#website","url":"https:\/\/contornosocial.cl\/home\/","name":"contorno social","description":"","publisher":{"@id":"https:\/\/contornosocial.cl\/home\/#organization"},"potentialAction":[{"@type":"SearchAction","target":{"@type":"EntryPoint","urlTemplate":"https:\/\/contornosocial.cl\/home\/?s={search_term_string}"},"query-input":"required name=search_term_string"}],"inLanguage":"es-CL"},{"@type":"Organization","@id":"https:\/\/contornosocial.cl\/home\/#organization","name":"contorno social","url":"https:\/\/contornosocial.cl\/home\/","logo":{"@type":"ImageObject","inLanguage":"es-CL","@id":"https:\/\/contornosocial.cl\/home\/#\/schema\/logo\/image\/","url":"https:\/\/contornosocial.cl\/home\/wp-content\/uploads\/2023\/10\/cropped-Sin-titulo-2.jpg","contentUrl":"https:\/\/contornosocial.cl\/home\/wp-content\/uploads\/2023\/10\/cropped-Sin-titulo-2.jpg","width":507,"height":250,"caption":"contorno social"},"image":{"@id":"https:\/\/contornosocial.cl\/home\/#\/schema\/logo\/image\/"}}]}},"uagb_featured_image_src":{"full":["https:\/\/contornosocial.cl\/home\/wp-content\/uploads\/2023\/11\/000025-e1699472357243.jpeg",1818,709,false],"thumbnail":["https:\/\/contornosocial.cl\/home\/wp-content\/uploads\/2023\/11\/000025-e1699472357243-150x150.jpeg",150,150,true],"medium":["https:\/\/contornosocial.cl\/home\/wp-content\/uploads\/2023\/11\/000025-e1699472357243-300x117.jpeg",300,117,true],"medium_large":["https:\/\/contornosocial.cl\/home\/wp-content\/uploads\/2023\/11\/000025-e1699472357243-768x300.jpeg",525,205,true],"large":["https:\/\/contornosocial.cl\/home\/wp-content\/uploads\/2023\/11\/000025-e1699472357243-1024x399.jpeg",525,205,true],"1536x1536":["https:\/\/contornosocial.cl\/home\/wp-content\/uploads\/2023\/11\/000025-e1699472357243-1536x599.jpeg",1536,599,true],"2048x2048":["https:\/\/contornosocial.cl\/home\/wp-content\/uploads\/2023\/11\/000025-e1699472357243.jpeg",1818,709,false],"twentyseventeen-featured-image":["https:\/\/contornosocial.cl\/home\/wp-content\/uploads\/2023\/11\/000025-1818x1200.jpeg",1818,1200,true],"twentyseventeen-thumbnail-avatar":["https:\/\/contornosocial.cl\/home\/wp-content\/uploads\/2023\/11\/000025-e1699472357243-100x100.jpeg",100,100,true]},"uagb_author_info":{"display_name":"admin","author_link":"https:\/\/contornosocial.cl\/home\/index.php\/author\/admin_3f617o61\/"},"uagb_comment_info":0,"uagb_excerpt":"Somos una organizaci\u00f3n comprometida con el desarrollo social y comunitario, creemos firmemente en el valor de la participaci\u00f3n ciudadana y en el impacto en la construcci\u00f3n de una sociedad justa. Partimos de la convicci\u00f3n de que los seres humanos somos, ante todo, sujetos sociales, y que es en la participaci\u00f3n activa en los asuntos p\u00fablicos&hellip;","_links":{"self":[{"href":"https:\/\/contornosocial.cl\/home\/index.php\/wp-json\/wp\/v2\/pages\/47","targetHints":{"allow":["GET"]}}],"collection":[{"href":"https:\/\/contornosocial.cl\/home\/index.php\/wp-json\/wp\/v2\/pages"}],"about":[{"href":"https:\/\/contornosocial.cl\/home\/index.php\/wp-json\/wp\/v2\/types\/page"}],"author":[{"embeddable":true,"href":"https:\/\/contornosocial.cl\/home\/index.php\/wp-json\/wp\/v2\/users\/1"}],"replies":[{"embeddable":true,"href":"https:\/\/contornosocial.cl\/home\/index.php\/wp-json\/wp\/v2\/comments?post=47"}],"version-history":[{"count":10,"href":"https:\/\/contornosocial.cl\/home\/index.php\/wp-json\/wp\/v2\/pages\/47\/revisions"}],"predecessor-version":[{"id":245,"href":"https:\/\/contornosocial.cl\/home\/index.php\/wp-json\/wp\/v2\/pages\/47\/revisions\/245"}],"wp:featuredmedia":[{"embeddable":true,"href":"https:\/\/contornosocial.cl\/home\/index.php\/wp-json\/wp\/v2\/media\/169"}],"wp:attachment":[{"href":"https:\/\/contornosocial.cl\/home\/index.php\/wp-json\/wp\/v2\/media?parent=47"}],"curies":[{"name":"wp","href":"https:\/\/api.w.org\/{rel}","templated":true}]}}